{"id":112,"date":"2024-03-01T14:08:57","date_gmt":"2024-03-01T14:08:57","guid":{"rendered":"https:\/\/conta-premium.ro\/?page_id=112"},"modified":"2024-03-25T15:46:30","modified_gmt":"2024-03-25T15:46:30","slug":"contabilitate","status":"publish","type":"page","link":"https:\/\/conta-premium.ro\/en\/contabilitate\/","title":{"rendered":"Accounting"},"content":{"rendered":"<div class=\"wp-block-columns is-layout-flex wp-container-core-columns-is-layout-28f84493 wp-block-columns-is-layout-flex\">\n<div class=\"wp-block-column is-layout-flow wp-block-column-is-layout-flow\" style=\"flex-basis:100%\">\n<h2 class=\"wp-block-heading\"><sub><sup><strong><mark style=\"background-color:rgba(0, 0, 0, 0)\" class=\"has-inline-color has-secondary-color\">Accounting services<\/mark><\/strong><\/sup><\/sub><\/h2>\n<\/div>\n<\/div>\n\n\n\n<blockquote class=\"wp-block-quote is-layout-flow wp-block-quote-is-layout-flow\">\n<pre class=\"wp-block-verse\">\u2713 Registration in accounting, in chronological order, based on primary documents, of accounting notes;\n\n\u2713 Preparation of entry-reception notes, consumption vouchers and the House Register;\n\n\u2713 Preparation of Sales and Purchase Journals, Journal Register, Inventory Register, Ledger and Account Sheet;\n\n\u2713 Operations regarding payroll and the preparation of Payrolls;\n\n\u2713 Preparation of the monthly verification balances and the accounting balance sheet;\n\n\u2713 Calculation of profit\/income tax, including the preparation and submission of related declarations;\n\n\u2713 Preparing and submitting declarations regarding mandatory contributions to the state budget;\n\n\u2713 Preparation and submission of declarations related to VAT and declaration 390, 394;\n\n\u2713 Drawing up payment orders related to transfers to the state budget, state social insurance budget, etc.;\n\n\u2713 Checking and carrying out the fiscal regularizations of the company, in connection with the contributions owed to the state budget;\n\n\u2713 Representation in relations with ANAF control bodies;\n\n\u2713 Provision of any other specialized assistance and consulting services in the financial-accounting and fiscal field;\n\n\u2713 Periodic information on the economic and financial situation of the company;\n\n\u2713 Periodic information regarding changes in tax legislation regarding the Beneficiary's activity.<\/pre>\n<\/blockquote>","protected":false},"excerpt":{"rendered":"<p>Servicii de contabilitate \u2713 \u00cenregistrarea\u00a0\u00een\u00a0contabilitate,\u00a0\u00een\u00a0ordine\u00a0cronologic\u0103, pe\u00a0baza\u00a0de documente primare, a notelor\u00a0contabile; \u2713 \u00centocmire Note de\u00a0intrare-recep\u0163ie, bonuri de consum\u00a0\u0219i\u00a0a Registrului de\u00a0cas\u0103; \u2713 \u00centocmirea Jurnalelor de v\u00e2nz\u0103ri\u00a0\u0219i\u00a0cump\u0103r\u0103ri, a Registrului Jurnal, Registrului Inventar, Carte\u00a0mare\u00a0\u0219i\u00a0Fi\u0219a\u00a0Contului; \u2713 Opera\u0163iuni\u00a0privind\u00a0salarizarea\u00a0\u0219i\u00a0\u00eentocmirea\u00a0\u0218tatelor\u00a0de salarii; \u2713 \u00centocmirea Balan\u0163elor de verificare\u00a0lunar\u0103\u00a0\u0219i\u00a0a Bilan\u0163ului contabil; \u2713 Calculul impozitului pe profit\/venit,\u00a0inclusiv\u00a0\u00eentocmirea\u00a0\u0219i\u00a0depunerea declara\u0163iilor\u00a0aferente\u00a0acestuia; \u2713 \u00centocmirea\u00a0\u0219i\u00a0depunerea declara\u0163iilor\u00a0privind\u00a0contribu\u0163iile obligatorii\u00a0la\u00a0bugetul\u00a0statului; \u2713 \u00centocmirea\u00a0\u0219i\u00a0depunerea declara\u0163iilor legate de [&hellip;]<\/p>","protected":false},"author":1,"featured_media":0,"parent":0,"menu_order":0,"comment_status":"closed","ping_status":"closed","template":"","meta":{"footnotes":""},"class_list":["post-112","page","type-page","status-publish","hentry"],"_links":{"self":[{"href":"https:\/\/conta-premium.ro\/en\/wp-json\/wp\/v2\/pages\/112","targetHints":{"allow":["GET"]}}],"collection":[{"href":"https:\/\/conta-premium.ro\/en\/wp-json\/wp\/v2\/pages"}],"about":[{"href":"https:\/\/conta-premium.ro\/en\/wp-json\/wp\/v2\/types\/page"}],"author":[{"embeddable":true,"href":"https:\/\/conta-premium.ro\/en\/wp-json\/wp\/v2\/users\/1"}],"replies":[{"embeddable":true,"href":"https:\/\/conta-premium.ro\/en\/wp-json\/wp\/v2\/comments?post=112"}],"version-history":[{"count":5,"href":"https:\/\/conta-premium.ro\/en\/wp-json\/wp\/v2\/pages\/112\/revisions"}],"predecessor-version":[{"id":192,"href":"https:\/\/conta-premium.ro\/en\/wp-json\/wp\/v2\/pages\/112\/revisions\/192"}],"wp:attachment":[{"href":"https:\/\/conta-premium.ro\/en\/wp-json\/wp\/v2\/media?parent=112"}],"curies":[{"name":"wp","href":"https:\/\/api.w.org\/{rel}","templated":true}]}}