{"id":114,"date":"2024-03-01T14:11:51","date_gmt":"2024-03-01T14:11:51","guid":{"rendered":"https:\/\/conta-premium.ro\/?page_id=114"},"modified":"2024-03-25T15:42:25","modified_gmt":"2024-03-25T15:42:25","slug":"registrul-comertul","status":"publish","type":"page","link":"https:\/\/conta-premium.ro\/en\/registrul-comertul\/","title":{"rendered":"Register of Commerce"},"content":{"rendered":"<div class=\"wp-block-columns is-layout-flex wp-container-core-columns-is-layout-28f84493 wp-block-columns-is-layout-flex\">\n<div class=\"wp-block-column is-layout-flow wp-block-column-is-layout-flow\" style=\"flex-basis:100%\">\n<h2 class=\"wp-block-heading\">S<strong>ervices regarding the establishment, operation and deletion of a commercial company at the Trade Register<\/strong><\/h2>\n<\/div>\n<\/div>\n\n\n\n<blockquote class=\"wp-block-quote is-layout-flow wp-block-quote-is-layout-flow\">\n<p>\u2713 Specialist assistance and consultancy regarding the establishment or modification of a commercial company, regardless of the legal form or the type of capital;<\/p>\n\n\n\n<p>\u2713 Establishments of commercial companies regardless of the requested legal form (including micro-enterprises);<\/p>\n\n\n\n<p>\u2713 Changes in the name of a commercial company;<\/p>\n\n\n\n<p>\u2713 Change of registration certificate following the change of the fiscal attribute or following any situation that may require this operation;<\/p>\n\n\n\n<p>\u2713 Transfer of shares (entry or exit of a partner or shareholder from the commercial company);<\/p>\n\n\n\n<p>\u2713 Appointing or revoking an administrator within a company;<\/p>\n\n\n\n<p>\u2713 Share capital increase in cash or in kind;<\/p>\n\n\n\n<p>\u2713 Decreases in share capital;<\/p>\n\n\n\n<p>\u2713 Establishment of work points;<\/p>\n\n\n\n<p>\u2713 Obtaining authorization to operate both in terms of permits issued by town halls for work points and social headquarters with activity, as well as at the Trade Register - by submitting affidavits regarding operation;<\/p>\n\n\n\n<p>\u2713 Change of registered office of a company;<\/p>\n\n\n\n<p>\u2713 Recodifications of the object of activity of a commercial company according to the legislation in force regarding the codification of activities in the national economy;<\/p>\n\n\n\n<p>\u2713 Declarations of the main object of activity;<\/p>\n\n\n\n<p>\u2713 Declarations or extensions of the secondary object of activity;<\/p>\n\n\n\n<p>\u2713 Suspension\/resumption of the activity of a commercial company from the Trade Register, in accordance with the legislation in force;<\/p>\n\n\n\n<p>\u2713 Corrections of material errors from the Trade Register database;<\/p>\n\n\n\n<p>\u2713 Changing the legal form of a company;<\/p>\n\n\n\n<p>\u2713 Mergers, dissolutions, liquidations, deletions of commercial companies;<\/p>\n\n\n\n<p>\u2713 Activities regarding the drafting and editing of articles of incorporation, updated articles of incorporation, additional documents, assignment contracts, loan agreements, decisions or decisions of associates\/shareholders, as well as any other changes to the articles of incorporation of a commercial company;<\/p>\n\n\n\n<p>\u2713 Obtaining, on the basis of power of attorney, the necessary fiscal record for future associates to set up a commercial company.<\/p>\n<\/blockquote>","protected":false},"excerpt":{"rendered":"<p>Servicii privind \u00eenfiin\u0163area, func\u0163ionarea \u015fi radierea unei societ\u0103\u0163i comerciale la Registrul Comer\u0163ului \u2713 Asisten\u021b\u0103\u00a0\u0219i\u00a0consultan\u021b\u0103\u00a0de specialitate\u00a0\u00een\u00a0ceea ce prive\u015fte \u00eenfiin\u0163area\u00a0sau\u00a0modificarea unei\u00a0societ\u0103\u021bi\u00a0comerciale, indiferent de\u00a0form\u0103\u00a0juridic\u0103\u00a0sau tipul de capital ; \u2713 \u00cenfiin\u021b\u0103ri\u00a0societ\u0103\u021bi\u00a0comerciale indiferent de\u00a0form\u0103\u00a0juridic\u0103\u00a0solicitat\u0103\u00a0(inclusiv\u00a0micro\u00eentreprinderi); \u2713 Schimb\u0103ri de denumire societate\u00a0comercial\u0103; \u2713 Preschimbare certificat de \u00eenregistrare\u00a0\u00een\u00a0urm\u0103\u00a0modific\u0103rii atributului fiscal\u00a0sau\u00a0\u00een\u00a0urm\u0103\u00a0oric\u0103rei situa\u0163ii\u00a0care\u00a0s\u0103\u00a0presupun\u0103\u00a0aceast\u0103\u00a0opera\u0163iune; \u2713 Cesiune de par\u0163i sociale (\u00a0intrarea\u00a0sau\u00a0ie\u015firea unui asociat sau ac\u0163ionar\u00a0din\u00a0societate\u00a0comercial\u0103\u00a0); \u2713 Numirea\u00a0sau\u00a0revocarea unui [&hellip;]<\/p>","protected":false},"author":1,"featured_media":0,"parent":0,"menu_order":0,"comment_status":"closed","ping_status":"closed","template":"","meta":{"footnotes":""},"class_list":["post-114","page","type-page","status-publish","hentry"],"_links":{"self":[{"href":"https:\/\/conta-premium.ro\/en\/wp-json\/wp\/v2\/pages\/114","targetHints":{"allow":["GET"]}}],"collection":[{"href":"https:\/\/conta-premium.ro\/en\/wp-json\/wp\/v2\/pages"}],"about":[{"href":"https:\/\/conta-premium.ro\/en\/wp-json\/wp\/v2\/types\/page"}],"author":[{"embeddable":true,"href":"https:\/\/conta-premium.ro\/en\/wp-json\/wp\/v2\/users\/1"}],"replies":[{"embeddable":true,"href":"https:\/\/conta-premium.ro\/en\/wp-json\/wp\/v2\/comments?post=114"}],"version-history":[{"count":5,"href":"https:\/\/conta-premium.ro\/en\/wp-json\/wp\/v2\/pages\/114\/revisions"}],"predecessor-version":[{"id":190,"href":"https:\/\/conta-premium.ro\/en\/wp-json\/wp\/v2\/pages\/114\/revisions\/190"}],"wp:attachment":[{"href":"https:\/\/conta-premium.ro\/en\/wp-json\/wp\/v2\/media?parent=114"}],"curies":[{"name":"wp","href":"https:\/\/api.w.org\/{rel}","templated":true}]}}