{"id":79,"date":"2024-02-26T18:19:08","date_gmt":"2024-02-26T18:19:08","guid":{"rendered":"https:\/\/conta-premium.ro\/?page_id=79"},"modified":"2024-03-25T15:51:46","modified_gmt":"2024-03-25T15:51:46","slug":"despre-noi","status":"publish","type":"page","link":"https:\/\/conta-premium.ro\/en\/despre-noi\/","title":{"rendered":"About Us"},"content":{"rendered":"<div class=\"wp-block-columns is-layout-flex wp-container-core-columns-is-layout-28f84493 wp-block-columns-is-layout-flex\">\n<div class=\"wp-block-column is-layout-flow wp-block-column-is-layout-flow\" style=\"flex-basis:100%\">\n<h2 class=\"wp-block-heading\">About Us<\/h2>\n<\/div>\n<\/div>\n\n\n\n<blockquote class=\"wp-block-quote is-layout-flow wp-block-quote-is-layout-flow\">\n<p>In the world of entrepreneurship, financial-accounting management is crucial for the success and stability of a company. <\/p>\n\n\n\n<p>The frequent legislative changes in Romania force companies to quickly adapt and reconfigure their strategy. In this context, we stand out through our dedication to clients, by finding solutions for every industry, always aiming to bring innovation, expertise and professionalism to our services our.<\/p>\n\n\n\n<p>With a customer-facing approach, we offer customized, efficient and reliable solutions to our customers, strengthening long-term partnerships and contributing to their prosperity.<\/p>\n<\/blockquote>","protected":false},"excerpt":{"rendered":"<p>Despre noi \u00cen lumea antreprenoriatului, gestionarea financiar-contabila este crucial\u0103 pentru succesul \u0219i stabilitatea unei companii. Schimb\u0103rile legislative dese din Rom\u00e2nia oblig\u0103 companiile s\u0103-\u0219i adapteze \u0219i s\u0103-\u0219i reconfigureze rapid strategia.\u00cen acest context, ne remarc\u0103m prin dedicare fa\u021b\u0103 de clien\u021bi, prin g\u0103sirea de solu\u021bii pentru fiecare industrie, urm\u0103rind mereu s\u0103 aducem\u00a0inova\u021bie, expertiz\u0103 \u0219i profesionalism \u00een serviciile noastre. [&hellip;]<\/p>","protected":false},"author":1,"featured_media":0,"parent":0,"menu_order":0,"comment_status":"closed","ping_status":"closed","template":"","meta":{"footnotes":""},"class_list":["post-79","page","type-page","status-publish","hentry"],"_links":{"self":[{"href":"https:\/\/conta-premium.ro\/en\/wp-json\/wp\/v2\/pages\/79","targetHints":{"allow":["GET"]}}],"collection":[{"href":"https:\/\/conta-premium.ro\/en\/wp-json\/wp\/v2\/pages"}],"about":[{"href":"https:\/\/conta-premium.ro\/en\/wp-json\/wp\/v2\/types\/page"}],"author":[{"embeddable":true,"href":"https:\/\/conta-premium.ro\/en\/wp-json\/wp\/v2\/users\/1"}],"replies":[{"embeddable":true,"href":"https:\/\/conta-premium.ro\/en\/wp-json\/wp\/v2\/comments?post=79"}],"version-history":[{"count":3,"href":"https:\/\/conta-premium.ro\/en\/wp-json\/wp\/v2\/pages\/79\/revisions"}],"predecessor-version":[{"id":194,"href":"https:\/\/conta-premium.ro\/en\/wp-json\/wp\/v2\/pages\/79\/revisions\/194"}],"wp:attachment":[{"href":"https:\/\/conta-premium.ro\/en\/wp-json\/wp\/v2\/media?parent=79"}],"curies":[{"name":"wp","href":"https:\/\/api.w.org\/{rel}","templated":true}]}}